{"id":173,"date":"2019-06-03T08:26:10","date_gmt":"2019-06-03T08:26:10","guid":{"rendered":"http:\/\/femmefarevalsplat.nl\/?page_id=173"},"modified":"2020-01-28T20:22:54","modified_gmt":"2020-01-28T20:22:54","slug":"nicolette-meerkerk","status":"publish","type":"page","link":"http:\/\/femmefarevalsplat.nl\/?page_id=173","title":{"rendered":"Nicolette Meerkerk"},"content":{"rendered":"\n<h2 class=\"has-text-align-center wp-block-heading\">GROTE TROM<\/h2>\n\n\n\n<div class=\"wp-block-image\"><figure class=\"aligncenter is-resized\"><img loading=\"lazy\" decoding=\"async\" src=\"http:\/\/femmefarevalsplat.nl\/wp-content\/uploads\/2020\/01\/Nico-nw.jpg\" alt=\"\" class=\"wp-image-1362\" width=\"596\" height=\"591\" srcset=\"http:\/\/femmefarevalsplat.nl\/wp-content\/uploads\/2020\/01\/Nico-nw.jpg 700w, http:\/\/femmefarevalsplat.nl\/wp-content\/uploads\/2020\/01\/Nico-nw-300x297.jpg 300w, http:\/\/femmefarevalsplat.nl\/wp-content\/uploads\/2020\/01\/Nico-nw-150x150.jpg 150w\" sizes=\"auto, (max-width: 596px) 100vw, 596px\" \/><\/figure><\/div>\n\n\n\n<p class=\"has-text-align-center\">roepnaam&nbsp;: <em>Nico<\/em><\/p>\n\n\n\n<p class=\"has-text-align-center\">geboortedatum : <em>3e verjaardag van John F Kennedy jr.<\/em><\/p>\n\n\n\n<p class=\"has-text-align-center\">geboorteplaats&nbsp;: <em>Boven de rivieren<\/em><\/p>\n\n\n\n<p class=\"has-text-align-center\">burgerlijke staat&nbsp;: <em>Minnares van<\/em><\/p>\n\n\n\n<p class=\"has-text-align-center\">kinderen&nbsp;: <em>Hele klas vol<\/em><\/p>\n\n\n\n<p class=\"has-text-align-center\">domicilie : <em>Onder de rivieren<\/em><\/p>\n\n\n\n<p class=\"has-text-align-center\">mobiel nummer&nbsp;: <em>06&#8230; mmm&#8230; en nog wat&#8230;<\/em><\/p>\n\n\n\n<p class=\"has-text-align-center\">beroep&nbsp;: <em>Prof et fi\u00e9re de l&#8217;\u00e9tre!<\/em><\/p>\n\n\n\n<p class=\"has-text-align-center\">hobby&#8217;s&nbsp;:<em>Tja&#8230;.<\/em><\/p>\n\n\n\n<p class=\"has-text-align-center\">favoriete filmster : <em>Omar Sy<\/em><\/p>\n\n\n\n<p class=\"has-text-align-center\">favoriete muziek&nbsp;: <em>H\u00e9\u00e9l divers<\/em><\/p>\n\n\n\n<p class=\"has-text-align-center\">favoriete sport&nbsp;: <em>Hockey<\/em><\/p>\n\n\n\n<p class=\"has-text-align-center\">graag avondje uit met&nbsp;: <em>natuurlijk met &#8230;Omar Symijn<\/em> <\/p>\n\n\n\n<p class=\"has-text-align-center\">lievelingsrecept&nbsp;: <em>Eclairs au caf\u00e9<\/em><\/p>\n\n\n\n<p class=\"has-text-align-center\"> mijn maten&nbsp;: <em>J&#8217;adore!<\/em><\/p>\n","protected":false},"excerpt":{"rendered":"<p>GROTE TROM roepnaam&nbsp;: Nico geboortedatum : 3e verjaardag van John F Kennedy jr. geboorteplaats&nbsp;: Boven de rivieren burgerlijke staat&nbsp;: Minnares van kinderen&nbsp;: Hele klas vol domicilie : Onder de rivieren mobiel nummer&nbsp;: 06&#8230; mmm&#8230; en nog wat&#8230; beroep&nbsp;: Prof et fi\u00e9re de l&#8217;\u00e9tre! hobby&#8217;s&nbsp;:Tja&#8230;. favoriete filmster : Omar Sy favoriete muziek&nbsp;: H\u00e9\u00e9l divers favoriete sport&nbsp;: [&hellip;]<\/p>\n","protected":false},"author":1,"featured_media":0,"parent":0,"menu_order":0,"comment_status":"closed","ping_status":"closed","template":"","meta":{"sfsi_plus_gutenberg_text_before_share":"","sfsi_plus_gutenberg_show_text_before_share":"","sfsi_plus_gutenberg_icon_type":"","sfsi_plus_gutenberg_icon_alignemt":"","sfsi_plus_gutenburg_max_per_row":"","_exactmetrics_skip_tracking":false,"_exactmetrics_sitenote_active":false,"_exactmetrics_sitenote_note":"","_exactmetrics_sitenote_category":0,"footnotes":""},"class_list":["post-173","page","type-page","status-publish","hentry"],"_links":{"self":[{"href":"http:\/\/femmefarevalsplat.nl\/index.php?rest_route=\/wp\/v2\/pages\/173","targetHints":{"allow":["GET"]}}],"collection":[{"href":"http:\/\/femmefarevalsplat.nl\/index.php?rest_route=\/wp\/v2\/pages"}],"about":[{"href":"http:\/\/femmefarevalsplat.nl\/index.php?rest_route=\/wp\/v2\/types\/page"}],"author":[{"embeddable":true,"href":"http:\/\/femmefarevalsplat.nl\/index.php?rest_route=\/wp\/v2\/users\/1"}],"replies":[{"embeddable":true,"href":"http:\/\/femmefarevalsplat.nl\/index.php?rest_route=%2Fwp%2Fv2%2Fcomments&post=173"}],"version-history":[{"count":8,"href":"http:\/\/femmefarevalsplat.nl\/index.php?rest_route=\/wp\/v2\/pages\/173\/revisions"}],"predecessor-version":[{"id":1373,"href":"http:\/\/femmefarevalsplat.nl\/index.php?rest_route=\/wp\/v2\/pages\/173\/revisions\/1373"}],"wp:attachment":[{"href":"http:\/\/femmefarevalsplat.nl\/index.php?rest_route=%2Fwp%2Fv2%2Fmedia&parent=173"}],"curies":[{"name":"wp","href":"https:\/\/api.w.org\/{rel}","templated":true}]}}