{"id":2261,"date":"2024-12-08T14:41:43","date_gmt":"2024-12-08T14:41:43","guid":{"rendered":"https:\/\/femmefarevalsplat.nl\/?page_id=2261"},"modified":"2024-12-08T19:43:39","modified_gmt":"2024-12-08T19:43:39","slug":"wilma-koopmans","status":"publish","type":"page","link":"https:\/\/femmefarevalsplat.nl\/?page_id=2261","title":{"rendered":"WILMA KOOPMANS"},"content":{"rendered":"\n<p class=\"has-text-align-center\">SOUSAFOON<\/p>\n\n\n\n<p><\/p>\n\n\n<div class=\"wp-block-image\">\n<figure class=\"aligncenter size-large is-resized\"><img loading=\"lazy\" decoding=\"async\" width=\"917\" height=\"1024\" src=\"https:\/\/femmefarevalsplat.nl\/wp-content\/uploads\/2024\/12\/Wilma-K-917x1024.jpg\" alt=\"\" class=\"wp-image-2269\" style=\"width:364px;height:auto\" srcset=\"https:\/\/femmefarevalsplat.nl\/wp-content\/uploads\/2024\/12\/Wilma-K-917x1024.jpg 917w, https:\/\/femmefarevalsplat.nl\/wp-content\/uploads\/2024\/12\/Wilma-K-269x300.jpg 269w, https:\/\/femmefarevalsplat.nl\/wp-content\/uploads\/2024\/12\/Wilma-K-768x858.jpg 768w, https:\/\/femmefarevalsplat.nl\/wp-content\/uploads\/2024\/12\/Wilma-K-1376x1536.jpg 1376w, https:\/\/femmefarevalsplat.nl\/wp-content\/uploads\/2024\/12\/Wilma-K.jpg 1433w\" sizes=\"auto, (max-width: 917px) 100vw, 917px\" \/><\/figure>\n<\/div>\n\n\n<p><\/p>\n\n\n\n<p class=\"has-text-align-center\">Roepnaam&nbsp;:&nbsp;<em>Soesje<\/em><\/p>\n\n\n\n<p class=\"has-text-align-center\">Geboortedatum :&nbsp;<em>net voor Sinterklaas<\/em><\/p>\n\n\n\n<p class=\"has-text-align-center\">geboorteplaats&nbsp;:&nbsp;<em>Lampegat<\/em><\/p>\n\n\n\n<p class=\"has-text-align-center\">burgerlijke staat&nbsp;:&nbsp;<em>H\u00e9\u00e9\u00e9\u00e9\u00e9\u00e9l lang getrouwd<\/em><\/p>\n\n\n\n<p class=\"has-text-align-center\">kinderen&nbsp;:&nbsp;<em>3 heul skon meiskes<\/em><\/p>\n\n\n\n<p class=\"has-text-align-center\">domicilie&nbsp;:&nbsp;<em>Lappegat<\/em><\/p>\n\n\n\n<p class=\"has-text-align-center\">mobiel nummer&nbsp;:&nbsp;<em>Geheim<\/em><\/p>\n\n\n\n<p class=\"has-text-align-center\">beroep&nbsp;:&nbsp;<em>Huiselijke vrouw<\/em><\/p>\n\n\n\n<p class=\"has-text-align-center\">hobby\u2019s&nbsp;:&nbsp;<em>alles wat maar gezellig is<\/em><\/p>\n\n\n\n<p class=\"has-text-align-center\">favoriete filmster :&nbsp;<em>Mickey Mouse<\/em><\/p>\n\n\n\n<p class=\"has-text-align-center\">favoriete muziek&nbsp;:&nbsp;<em>van alles wa<\/em><\/p>\n\n\n\n<p class=\"has-text-align-center\">favoriete sport&nbsp;:&nbsp;<em>&#8217;n bietje meppen tegen een balleke<\/em><\/p>\n\n\n\n<p class=\"has-text-align-center\">graag avondje uit met&nbsp;:&nbsp;<em>met alle meisjes van VP<\/em><\/p>\n\n\n\n<p class=\"has-text-align-center\">mijn lievelingsrecept&nbsp;:&nbsp;<em>lekker gebakken visje<\/em><\/p>\n\n\n\n<p class=\"has-text-align-center\">mijn maten&nbsp;:&nbsp;<em>de ideale maten<\/em><\/p>\n","protected":false},"excerpt":{"rendered":"<p>SOUSAFOON Roepnaam&nbsp;:&nbsp;Soesje Geboortedatum :&nbsp;net voor Sinterklaas geboorteplaats&nbsp;:&nbsp;Lampegat burgerlijke staat&nbsp;:&nbsp;H\u00e9\u00e9\u00e9\u00e9\u00e9\u00e9l lang getrouwd kinderen&nbsp;:&nbsp;3 heul skon meiskes domicilie&nbsp;:&nbsp;Lappegat mobiel nummer&nbsp;:&nbsp;Geheim beroep&nbsp;:&nbsp;Huiselijke vrouw hobby\u2019s&nbsp;:&nbsp;alles wat maar gezellig is favoriete filmster :&nbsp;Mickey Mouse favoriete muziek&nbsp;:&nbsp;van alles wa favoriete sport&nbsp;:&nbsp;&#8217;n bietje meppen tegen een balleke graag avondje uit met&nbsp;:&nbsp;met alle meisjes van VP mijn lievelingsrecept&nbsp;:&nbsp;lekker gebakken visje mijn maten&nbsp;:&nbsp;de ideale [&hellip;]<\/p>\n","protected":false},"author":1,"featured_media":0,"parent":0,"menu_order":0,"comment_status":"closed","ping_status":"closed","template":"","meta":{"sfsi_plus_gutenberg_text_before_share":"","sfsi_plus_gutenberg_show_text_before_share":"","sfsi_plus_gutenberg_icon_type":"","sfsi_plus_gutenberg_icon_alignemt":"","sfsi_plus_gutenburg_max_per_row":"","_exactmetrics_skip_tracking":false,"_exactmetrics_sitenote_active":false,"_exactmetrics_sitenote_note":"","_exactmetrics_sitenote_category":0,"footnotes":""},"class_list":["post-2261","page","type-page","status-publish","hentry"],"_links":{"self":[{"href":"https:\/\/femmefarevalsplat.nl\/index.php?rest_route=\/wp\/v2\/pages\/2261","targetHints":{"allow":["GET"]}}],"collection":[{"href":"https:\/\/femmefarevalsplat.nl\/index.php?rest_route=\/wp\/v2\/pages"}],"about":[{"href":"https:\/\/femmefarevalsplat.nl\/index.php?rest_route=\/wp\/v2\/types\/page"}],"author":[{"embeddable":true,"href":"https:\/\/femmefarevalsplat.nl\/index.php?rest_route=\/wp\/v2\/users\/1"}],"replies":[{"embeddable":true,"href":"https:\/\/femmefarevalsplat.nl\/index.php?rest_route=%2Fwp%2Fv2%2Fcomments&post=2261"}],"version-history":[{"count":5,"href":"https:\/\/femmefarevalsplat.nl\/index.php?rest_route=\/wp\/v2\/pages\/2261\/revisions"}],"predecessor-version":[{"id":2274,"href":"https:\/\/femmefarevalsplat.nl\/index.php?rest_route=\/wp\/v2\/pages\/2261\/revisions\/2274"}],"wp:attachment":[{"href":"https:\/\/femmefarevalsplat.nl\/index.php?rest_route=%2Fwp%2Fv2%2Fmedia&parent=2261"}],"curies":[{"name":"wp","href":"https:\/\/api.w.org\/{rel}","templated":true}]}}